{"id":50,"date":"2020-03-17T08:40:32","date_gmt":"2020-03-17T08:40:32","guid":{"rendered":"http:\/\/www.vs-gilgenberg.at\/?page_id=50"},"modified":"2020-03-17T09:47:33","modified_gmt":"2020-03-17T09:47:33","slug":"leitbild","status":"publish","type":"page","link":"https:\/\/www.vs-gilgenberg.at\/?page_id=50","title":{"rendered":"Leitbild"},"content":{"rendered":"\n<p class=\"has-background has-light-green-cyan-background-color\">Unser Hauptanliegen ist eine angenehme und freundliche Grundstimmung an unserer Schule. Wir sehen uns als Schule der &#8222;Freundlichen Begegnung&#8220;. Diese Art des Miteinanders sehen wir als Grundstein freudvoller Arbeit, sowohl auf Sch\u00fcler, als auch auf Eltern und Lehrerseite.<\/p>\n\n\n\n<p><strong>Mit Freude die bestm\u00f6glichen Leistungen erbringen <\/strong><\/p>\n\n\n\n<p class=\"has-background has-pale-pink-background-color\">In unserer Schule haben wir uns als Team vorgenommen, in den Kindern die Freude am Lernen zu wecken, damit sie bestm\u00f6gliche Leistungen erbringen k\u00f6nnen. Aus Freude am schulischen Tun, durch das Wohlf\u00fchlen in der Gemeinschaft und aus dem Angenommensein wachsen Lernbereitschaft, Kreativit\u00e4t und Leistungswille.\u00a0<\/p>\n\n\n\n<p><strong>Wertsch\u00e4tzung und Individualit\u00e4t <\/strong><\/p>\n\n\n\n<p class=\"has-background has-light-green-cyan-background-color\">In unserer Schule werden die Sch\u00fcler gefordert und gef\u00f6rdert. Sie werden motiviert, die Grundfertigkeiten wie Lesen, Schreiben und Rechnen usw. ganzheitlich, das hei\u00dft mit allen Sinnen zu erfassen.  Mit Hilfe vielf\u00e4ltiger Methoden lernen sie selbst\u00e4ndig Lerntechniken zu entwickeln und auch die F\u00e4higkeiten sich selbst Wissen anzueignen. <\/p>\n\n\n\n<p><\/p>\n\n\n\n<p><\/p>\n\n\n\n<p><\/p>\n\n\n\n<p><\/p>\n\n\n\n<p><\/p>\n\n\n\n<p><\/p>\n\n\n\n<p><\/p>\n\n\n\n<p><\/p>\n\n\n\n<p><\/p>\n\n\n\n<p><\/p>\n\n\n\n<p><\/p>\n\n\n\n<p><\/p>\n\n\n\n<p><\/p>\n\n\n\n<p><\/p>\n\n\n\n<p><\/p>\n\n\n\n<p><\/p>\n","protected":false},"excerpt":{"rendered":"<p>Unser Hauptanliegen ist eine angenehme und freundliche Grundstimmung an unserer Schule.<br \/>\nWir sehen uns als Schule der &#8222;Freundlichen Begegnung&#8220;.<\/p>\n<p>Diese Art des Miteinanders sehen wir als Grundstein freudvoller Arbeit, sowohl auf Sch\u00fcler, als auch auf Eltern und Lehrerseite.<\/p>\n<p>Mit Freude die bestm\u00f6glichen Leistungen erbringen<\/p>\n<p>In unserer Schule haben wir uns als Team vorgenommen, in den Kindern die Freude am Lernen zu wecken, damit sie bestm\u00f6gliche Leistungen erbringen k\u00f6nnen. Aus Freude am schulischen Tun, durch das Wohlf\u00fchlen in der Gemeinschaft und aus dem Angenommensein wachsen Lernbereitschaft, Kreativit\u00e4t und Leistungswille.<\/p>\n<p>Wertsch\u00e4tzung und Individualit\u00e4t<\/p>\n<p>In unserer Schule werden die Sch\u00fcler gefordert und gef\u00f6rdert. Sie werden motiviert, die Grundfertigkeiten wie Lesen, Schreiben und Rechnen usw. ganzheitlich, das hei\u00dft mit allen Sinnen zu erfassen.<br \/>\nMit Hilfe vielf\u00e4ltiger Methoden lernen sie selbst\u00e4ndig Lerntechniken zu entwickeln und auch die F\u00e4higkeiten sich selbst Wissen anzueignen.<\/p>\n","protected":false},"author":2,"featured_media":0,"parent":0,"menu_order":0,"comment_status":"closed","ping_status":"closed","template":"","meta":[],"_links":{"self":[{"href":"https:\/\/www.vs-gilgenberg.at\/index.php?rest_route=\/wp\/v2\/pages\/50"}],"collection":[{"href":"https:\/\/www.vs-gilgenberg.at\/index.php?rest_route=\/wp\/v2\/pages"}],"about":[{"href":"https:\/\/www.vs-gilgenberg.at\/index.php?rest_route=\/wp\/v2\/types\/page"}],"author":[{"embeddable":true,"href":"https:\/\/www.vs-gilgenberg.at\/index.php?rest_route=\/wp\/v2\/users\/2"}],"replies":[{"embeddable":true,"href":"https:\/\/www.vs-gilgenberg.at\/index.php?rest_route=%2Fwp%2Fv2%2Fcomments&post=50"}],"version-history":[{"count":7,"href":"https:\/\/www.vs-gilgenberg.at\/index.php?rest_route=\/wp\/v2\/pages\/50\/revisions"}],"predecessor-version":[{"id":76,"href":"https:\/\/www.vs-gilgenberg.at\/index.php?rest_route=\/wp\/v2\/pages\/50\/revisions\/76"}],"wp:attachment":[{"href":"https:\/\/www.vs-gilgenberg.at\/index.php?rest_route=%2Fwp%2Fv2%2Fmedia&parent=50"}],"curies":[{"name":"wp","href":"https:\/\/api.w.org\/{rel}","templated":true}]}}