{"id":5,"date":"2020-03-16T18:35:14","date_gmt":"2020-03-16T18:35:14","guid":{"rendered":"http:\/\/www.vs-gilgenberg.at\/?page_id=5"},"modified":"2026-03-30T12:19:49","modified_gmt":"2026-03-30T12:19:49","slug":"herzlich-willkommen-auf-unserer-homepage","status":"publish","type":"page","link":"https:\/\/www.vs-gilgenberg.at\/","title":{"rendered":"Aktuelles"},"content":{"rendered":"<div class=\"wp-block-image\">\n<figure class=\"alignright size-large is-resized\"><img loading=\"lazy\" src=\"https:\/\/www.vs-gilgenberg.at\/wp-content\/uploads\/2022\/11\/IMG_20221119_130430-4-1024x758.jpg\" alt=\"\" class=\"wp-image-1017\" width=\"195\" height=\"144\" srcset=\"https:\/\/www.vs-gilgenberg.at\/wp-content\/uploads\/2022\/11\/IMG_20221119_130430-4-1024x758.jpg 1024w, https:\/\/www.vs-gilgenberg.at\/wp-content\/uploads\/2022\/11\/IMG_20221119_130430-4-300x222.jpg 300w, https:\/\/www.vs-gilgenberg.at\/wp-content\/uploads\/2022\/11\/IMG_20221119_130430-4-768x568.jpg 768w, https:\/\/www.vs-gilgenberg.at\/wp-content\/uploads\/2022\/11\/IMG_20221119_130430-4.jpg 1053w\" sizes=\"(max-width: 195px) 100vw, 195px\" \/><\/figure><\/div>\n\n\n<h4 class=\"has-text-align-center has-pale-cyan-blue-color has-text-color has-large-font-size\"><em>Herzlich Willkommen !<\/em><\/h4>\n\n\n\n<p class=\"has-text-align-center\">Sch\u00f6n, dass ihr unsere Homepage besucht!<\/p>\n\n\n\n<p class=\"has-text-align-center\"><\/p>\n\n\n<div class=\"wp-block-image\">\n<figure class=\"aligncenter size-large is-resized\"><img loading=\"lazy\" src=\"http:\/\/www.vs-gilgenberg.at\/wp-content\/uploads\/2020\/09\/images.jpg\" alt=\"\" class=\"wp-image-387\" width=\"298\" height=\"126\" srcset=\"https:\/\/www.vs-gilgenberg.at\/wp-content\/uploads\/2020\/09\/images.jpg 346w, https:\/\/www.vs-gilgenberg.at\/wp-content\/uploads\/2020\/09\/images-300x127.jpg 300w\" sizes=\"(max-width: 298px) 100vw, 298px\" \/><\/figure><\/div>\n\n\n<p class=\"has-text-align-center has-large-font-size\"><\/p>\n\n\n\n<p class=\"has-text-align-center\"><mark style=\"background-color:rgba(0, 0, 0, 0)\" class=\"has-inline-color has-vivid-purple-color\"><strong>Liebe Gr\u00fc\u00dfe aus der Schule<\/strong><\/mark><\/p>\n\n\n\n<p><\/p>\n\n\n\n<script language=\"JavaScript\" src=\"https:\/\/www.besucherzaehler-kostenlos.de\/js\/counter.js.php?count=1&amp;id=529KYP5fmI&amp;start=12345&amp;design=2d\"><\/script>\n","protected":false},"excerpt":{"rendered":"<p>Herzlich Willkommen ! Sch\u00f6n, dass ihr unsere Homepage besucht! Liebe Gr\u00fc\u00dfe aus der Schule<\/p>\n","protected":false},"author":2,"featured_media":290,"parent":0,"menu_order":0,"comment_status":"closed","ping_status":"closed","template":"","meta":[],"_links":{"self":[{"href":"https:\/\/www.vs-gilgenberg.at\/index.php?rest_route=\/wp\/v2\/pages\/5"}],"collection":[{"href":"https:\/\/www.vs-gilgenberg.at\/index.php?rest_route=\/wp\/v2\/pages"}],"about":[{"href":"https:\/\/www.vs-gilgenberg.at\/index.php?rest_route=\/wp\/v2\/types\/page"}],"author":[{"embeddable":true,"href":"https:\/\/www.vs-gilgenberg.at\/index.php?rest_route=\/wp\/v2\/users\/2"}],"replies":[{"embeddable":true,"href":"https:\/\/www.vs-gilgenberg.at\/index.php?rest_route=%2Fwp%2Fv2%2Fcomments&post=5"}],"version-history":[{"count":112,"href":"https:\/\/www.vs-gilgenberg.at\/index.php?rest_route=\/wp\/v2\/pages\/5\/revisions"}],"predecessor-version":[{"id":2528,"href":"https:\/\/www.vs-gilgenberg.at\/index.php?rest_route=\/wp\/v2\/pages\/5\/revisions\/2528"}],"wp:featuredmedia":[{"embeddable":true,"href":"https:\/\/www.vs-gilgenberg.at\/index.php?rest_route=\/wp\/v2\/media\/290"}],"wp:attachment":[{"href":"https:\/\/www.vs-gilgenberg.at\/index.php?rest_route=%2Fwp%2Fv2%2Fmedia&parent=5"}],"curies":[{"name":"wp","href":"https:\/\/api.w.org\/{rel}","templated":true}]}}